{"id":1529,"date":"2018-07-27T10:29:33","date_gmt":"2018-07-27T08:29:33","guid":{"rendered":"https:\/\/rivr.ch\/?page_id=1529"},"modified":"2024-07-15T16:53:20","modified_gmt":"2024-07-15T14:53:20","slug":"entfernung-von-tattoos","status":"publish","type":"page","link":"https:\/\/rivr.ch\/de\/laserbehandlungen\/entfernung-von-tattoos\/","title":{"rendered":"Entfernung von Tattoos"},"content":{"rendered":"<p>Sprechstunde<\/p>\n<p>&nbsp;<\/p>\n<p>In einem ausf\u00fchrlichen ersten Beratungsgespr\u00e4ch werden wir Ihre T\u00e4towierung, die Farbzusammensetzung, Pigmenttiefe und Ihren Hauttyp analysieren. Basierend auf all diesen Parametern und Ihren Bed\u00fcrfnisse werden wir gemeinsam einen Behandlungsplan erstellen.<\/p>\n<p>Als zweiten Schritt vor der Behandlung werden wir Ihre Krankengeschichte erfragen, um sicher zu stellen, dass keine Kontraindikationen f\u00fcr die Behandlung mit dem Enlighten III bestehen.<\/p>\n","protected":false},"excerpt":{"rendered":"<p>Sprechstunde &nbsp; In einem ausf\u00fchrlichen ersten Beratungsgespr\u00e4ch werden wir Ihre T\u00e4towierung, die Farbzusammensetzung, Pigmenttiefe und Ihren Hauttyp analysieren. Basierend auf all diesen Parametern und Ihren Bed\u00fcrfnisse werden wir gemeinsam einen Behandlungsplan erstellen. Als zweiten Schritt vor der Behandlung werden wir Ihre Krankengeschichte erfragen, um sicher zu stellen, dass keine Kontraindikationen f\u00fcr die Behandlung mit dem [&hellip;]<\/p>\n","protected":false},"author":3,"featured_media":0,"parent":452,"menu_order":0,"comment_status":"closed","ping_status":"closed","template":"","meta":{"footnotes":""},"yst_prominent_words":[],"acf":[],"_links":{"self":[{"href":"https:\/\/rivr.ch\/de\/wp-json\/wp\/v2\/pages\/1529"}],"collection":[{"href":"https:\/\/rivr.ch\/de\/wp-json\/wp\/v2\/pages"}],"about":[{"href":"https:\/\/rivr.ch\/de\/wp-json\/wp\/v2\/types\/page"}],"author":[{"embeddable":true,"href":"https:\/\/rivr.ch\/de\/wp-json\/wp\/v2\/users\/3"}],"replies":[{"embeddable":true,"href":"https:\/\/rivr.ch\/de\/wp-json\/wp\/v2\/comments?post=1529"}],"version-history":[{"count":6,"href":"https:\/\/rivr.ch\/de\/wp-json\/wp\/v2\/pages\/1529\/revisions"}],"predecessor-version":[{"id":9584,"href":"https:\/\/rivr.ch\/de\/wp-json\/wp\/v2\/pages\/1529\/revisions\/9584"}],"up":[{"embeddable":true,"href":"https:\/\/rivr.ch\/de\/wp-json\/wp\/v2\/pages\/452"}],"wp:attachment":[{"href":"https:\/\/rivr.ch\/de\/wp-json\/wp\/v2\/media?parent=1529"}],"wp:term":[{"taxonomy":"yst_prominent_words","embeddable":true,"href":"https:\/\/rivr.ch\/de\/wp-json\/wp\/v2\/yst_prominent_words?post=1529"}],"curies":[{"name":"wp","href":"https:\/\/api.w.org\/{rel}","templated":true}]}}