{"id":10137,"date":"2024-10-10T14:01:09","date_gmt":"2024-10-10T12:01:09","guid":{"rendered":"https:\/\/rivr.ch\/?page_id=10137"},"modified":"2024-10-10T14:01:09","modified_gmt":"2024-10-10T12:01:09","slug":"traenensaecke-entfernen","status":"publish","type":"page","link":"https:\/\/rivr.ch\/de\/traenensaecke-entfernen\/","title":{"rendered":"Tr\u00e4nens\u00e4cke entfernen ohne Narben in Z\u00fcrich | Rivr"},"content":{"rendered":"","protected":false},"excerpt":{"rendered":"","protected":false},"author":22,"featured_media":0,"parent":0,"menu_order":0,"comment_status":"closed","ping_status":"closed","template":"hvc-static-landingpage-tear-sac.php","meta":{"footnotes":""},"yst_prominent_words":[],"acf":[],"_links":{"self":[{"href":"https:\/\/rivr.ch\/de\/wp-json\/wp\/v2\/pages\/10137"}],"collection":[{"href":"https:\/\/rivr.ch\/de\/wp-json\/wp\/v2\/pages"}],"about":[{"href":"https:\/\/rivr.ch\/de\/wp-json\/wp\/v2\/types\/page"}],"author":[{"embeddable":true,"href":"https:\/\/rivr.ch\/de\/wp-json\/wp\/v2\/users\/22"}],"replies":[{"embeddable":true,"href":"https:\/\/rivr.ch\/de\/wp-json\/wp\/v2\/comments?post=10137"}],"version-history":[{"count":1,"href":"https:\/\/rivr.ch\/de\/wp-json\/wp\/v2\/pages\/10137\/revisions"}],"predecessor-version":[{"id":10138,"href":"https:\/\/rivr.ch\/de\/wp-json\/wp\/v2\/pages\/10137\/revisions\/10138"}],"wp:attachment":[{"href":"https:\/\/rivr.ch\/de\/wp-json\/wp\/v2\/media?parent=10137"}],"wp:term":[{"taxonomy":"yst_prominent_words","embeddable":true,"href":"https:\/\/rivr.ch\/de\/wp-json\/wp\/v2\/yst_prominent_words?post=10137"}],"curies":[{"name":"wp","href":"https:\/\/api.w.org\/{rel}","templated":true}]}}